{"id":2512,"date":"2025-06-01T20:10:41","date_gmt":"2025-06-01T19:10:41","guid":{"rendered":"https:\/\/sbrp.de\/?page_id=2512"},"modified":"2025-11-08T10:25:39","modified_gmt":"2025-11-08T09:25:39","slug":"rlp-open-2025","status":"publish","type":"page","link":"https:\/\/sbrp.de\/?page_id=2512","title":{"rendered":"RLP Open 2026"},"content":{"rendered":"<p><iframe loading=\"lazy\" style=\"border: 0px #FFFFFF none;\" src=\"https:\/\/www.chessmanager.com\/de-de\/tournaments\/5506674284298240\" width=\"100%\" height=\"1600px\"><span style=\"display: inline-block; width: 0px; overflow: hidden; line-height: 0;\" data-mce-type=\"bookmark\" class=\"mce_SELRES_start\">\ufeff<\/span><span style=\"display: inline-block; width: 3px; overflow: hidden; line-height: 0;\" data-mce-type=\"bookmark\" class=\"mce_SELRES_start\">\ufeff<\/span><\/iframe><\/p>\n<p>Zum Vorjahresbericht:<\/p>\n<p><a href=\"https:\/\/sbrp.de\/?p=2725\"><img decoding=\"async\" class=\"aligncenter wp-image-2813\" src=\"https:\/\/sbrp.de\/wp-content\/uploads\/2025\/06\/RLPOpen2025-Platz-1-3-1024x683.jpg\" alt=\"\" width=\"100%\" height=\"467\" srcset=\"https:\/\/sbrp.de\/wp-content\/uploads\/2025\/06\/RLPOpen2025-Platz-1-3-1024x683.jpg 1024w, https:\/\/sbrp.de\/wp-content\/uploads\/2025\/06\/RLPOpen2025-Platz-1-3-300x200.jpg 300w, https:\/\/sbrp.de\/wp-content\/uploads\/2025\/06\/RLPOpen2025-Platz-1-3-768x512.jpg 768w, https:\/\/sbrp.de\/wp-content\/uploads\/2025\/06\/RLPOpen2025-Platz-1-3-1536x1024.jpg 1536w, https:\/\/sbrp.de\/wp-content\/uploads\/2025\/06\/RLPOpen2025-Platz-1-3-2048x1365.jpg 2048w\" sizes=\"(max-width: 1024px) 100vw, 1024px\" \/><\/a><\/p>\n<div data-post-id=\"2725\" class=\"insert-page insert-page-2725 \"><h1><a href=\"https:\/\/sbrp.de\/?p=2725\">FM Paul Hinrichs ist neuer Rheinland-Pfalz-Meister<\/a><\/h1>\n\t\t\t\t\t\tDas Rheinland-Pfalz Open 2025 hat einen Abschluss und damit einen Sieger gefunden. FM Paul Hinrichs von den Schachfreunden Heidesheim konnte sich in der siebten und letzten Runde an Brett 2 gegen den bis dahin unbesiegten FM Roland Ollenberger vom SV Worms 1878 mit Schwarz ebenso durchsetzen wie IM Yevgeniy Roshka vom SC 1919 Siegburg am Spitzenbrett gegen den ebenfalls unbesiegten\u00a0David Ramien von der SG Trier 1877. (Mehr durch Klick...)<\/div>\n<p>&nbsp;<\/p>\n<p style=\"text-align: center;\">Vom 19. und bis zum 22. Juni 2025 fand in Neuwied-Heimbach-Weis das diesj\u00e4hrige Rheinland-Pfalz-Open statt.<\/p>\n<p style=\"text-align: center;\">In diesem Jahr wurden 26 Bretter online \u00fcbertragen mit einer Verz\u00f6gerung von 15 Minuten.<\/p>\n<p style=\"text-align: center;\"><strong>Zeitplan:<\/strong><\/p>\n<p style=\"text-align: center;\"><span style=\"color: #000000;\">Donnerstag 19.6.2025<\/span><br \/>\n08:30 bis 09:30 Uhr Anmeldeschluss und Registrierung f\u00fcr alle Spieler*innen<br \/>\n1. Runde 10:00 Uhr 2. Runde 16:00 Uhr<br \/>\n<span style=\"color: #000000;\">Freitag 20.6.2025<\/span><br \/>\n<span style=\"color: #000000;\">3. Runde 10:00 Uhr 4. Runde 16:00 Uhr<\/span><br \/>\n<span style=\"color: #000000;\">Samstag 21.6.2025<\/span><br \/>\n<span style=\"color: #000000;\">5. Runde 10:00 Uhr 6. Runde 16:00 Uhr<\/span><br \/>\n<span style=\"color: #000000;\">Sonntag 22.6.2025<\/span><br \/>\n<span style=\"color: #000000;\">7. Runde 10:00 Uhr, anschlie\u00dfend Siegerehrung<\/span><\/p>\n<p>&nbsp;<\/p>\n<p>&nbsp;<\/p>\n<table align=\"center\">\n<tbody>\n<tr>\n<td><a href=\"https:\/\/lichess.org\/broadcast\/15-rheinland-pfalz-open-2025\/round-1\/GZPiwh0I#boards\"><img loading=\"lazy\" decoding=\"async\" class=\"aligncenter wp-image-2644 size-full\" src=\"https:\/\/sbrp.de\/wp-content\/uploads\/2025\/06\/OnlineuebertragungLC.jpg\" alt=\"\u00dcbertragung bei Lichess\" width=\"300\" height=\"129\" \/><\/a><\/td>\n<td><a href=\"https:\/\/live.chessbase.com\/de\/watch\/15th-Rheinland-Pfalz-Open-2025\/\"><img loading=\"lazy\" decoding=\"async\" class=\"aligncenter wp-image-2645 size-full\" src=\"https:\/\/sbrp.de\/wp-content\/uploads\/2025\/06\/OnlineuebertragungCB.jpg\" alt=\"\u00dcbertragung bei ChessBase\" width=\"300\" height=\"129\" \/><\/a><\/td>\n<td><a href=\"https:\/\/www.chess.com\/events\/2025-rheinland-pfalz-open\"><img loading=\"lazy\" decoding=\"async\" class=\"aligncenter wp-image-2654 size-full\" src=\"https:\/\/sbrp.de\/wp-content\/uploads\/2025\/06\/OnlineuebertragungCCOM-1.jpg\" alt=\"\" width=\"300\" height=\"129\" \/><\/a><\/td>\n<\/tr>\n<tr>\n<td><a href=\"https:\/\/sbrp.de\/wp-content\/uploads\/2025\/06\/Anmeldung-abgelaufen-1.jpg\"><img loading=\"lazy\" decoding=\"async\" class=\"aligncenter wp-image-2661 size-full\" src=\"https:\/\/sbrp.de\/wp-content\/uploads\/2025\/06\/Anmeldung-abgelaufen-1.jpg\" alt=\"\" width=\"300\" height=\"129\" \/><\/a><\/td>\n<td><a href=\"https:\/\/chess-results.com\/tnr1055157.aspx?lan=0&amp;turdet=NO\"><img loading=\"lazy\" decoding=\"async\" class=\"aligncenter wp-image-2676 size-full\" src=\"https:\/\/sbrp.de\/wp-content\/uploads\/2025\/06\/Turnierstandauf-CResults.jpg\" alt=\"\" width=\"300\" height=\"129\" \/><\/a><\/td>\n<td><a href=\"https:\/\/sbrp.de\/wp-content\/uploads\/2025\/05\/2025-Flyer-RLP-Open.pdf\"><img loading=\"lazy\" decoding=\"async\" class=\"aligncenter wp-image-2557 size-full\" src=\"https:\/\/sbrp.de\/wp-content\/uploads\/2025\/06\/TURNIERFLYER-300x129-1.jpg\" alt=\"\" width=\"300\" height=\"129\" \/><\/a><\/td>\n<\/tr>\n<tr>\n<td><\/td>\n<td>\n<p style=\"text-align: center;\"><a href=\"https:\/\/www.sc-heimbach-weis.de\/\"><img loading=\"lazy\" decoding=\"async\" class=\"aligncenter wp-image-1890 size-full\" src=\"https:\/\/sbrp.de\/wp-content\/uploads\/2023\/10\/sc-heimbach-weis-neuwied.png\" alt=\"\" width=\"151\" height=\"150\" \/><\/a><\/p>\n<p style=\"text-align: center;\"><a href=\"https:\/\/www.sc-heimbach-weis.de\/\">Zum Ausrichter<\/a><\/p>\n<\/td>\n<td><\/td>\n<\/tr>\n<\/tbody>\n<\/table>\n<p>&nbsp;<\/p>\n<p>&nbsp;<\/p>\n<p style=\"text-align: center;\"><a href=\"https:\/\/sbrp.de\/wp-content\/uploads\/2025\/06\/Informationsblatt-DSGVO-RLP-Open.pdf\">Informationsblatt-DSGVO-RLP-Open<\/a><\/p>\n<p><a href=\"https:\/\/sbrp.de\/wp-content\/uploads\/2025\/06\/RLPOpen25-2-5.jpg\"><img loading=\"lazy\" decoding=\"async\" class=\"aligncenter size-large wp-image-2698\" src=\"https:\/\/sbrp.de\/wp-content\/uploads\/2025\/06\/RLPOpen25-2-5-1024x683.jpg\" alt=\"\" width=\"800\" height=\"534\" srcset=\"https:\/\/sbrp.de\/wp-content\/uploads\/2025\/06\/RLPOpen25-2-5-1024x683.jpg 1024w, https:\/\/sbrp.de\/wp-content\/uploads\/2025\/06\/RLPOpen25-2-5-300x200.jpg 300w, https:\/\/sbrp.de\/wp-content\/uploads\/2025\/06\/RLPOpen25-2-5-768x512.jpg 768w, https:\/\/sbrp.de\/wp-content\/uploads\/2025\/06\/RLPOpen25-2-5.jpg 1500w\" sizes=\"auto, (max-width: 800px) 100vw, 800px\" \/><\/a><\/p>\n<div data-post-id=\"2717\" class=\"insert-page insert-page-2717 \"><h1><a href=\"https:\/\/sbrp.de\/?p=2717\">Endspurt in Heimbach-Weis<\/a><\/h1>\n\t\t\t\t\t\tDer letzte Tag des diesj\u00e4hrigen RLP-Open steht an. Auf den ersten vier R\u00e4ngen befinden sich im Moment FM Roland Ollenberger, FM Paul Hinrichs, IM Yevgeni Roshka und David Ramien mit je 5,5 Punkten aus 6 Spielen. Doch auch dahinter stehen noch 7 Spieler mit 5 Punkten und somit teilweise noch theoretischen Chancen auf den ersten Platz. Wenn die letzten Tage ein Indikator sind, wird die Siegerehrung heute gegen 16:00 Uhr zeigen, wer das Rennen um den Titel des Rheinland-Pfalz-Meisters gemacht hat.<\/div>\n<p><a href=\"https:\/\/sbrp.de\/wp-content\/uploads\/2025\/06\/RLPOpen25-2-15.jpg\"><img loading=\"lazy\" decoding=\"async\" class=\"aligncenter size-large wp-image-2708\" src=\"https:\/\/sbrp.de\/wp-content\/uploads\/2025\/06\/RLPOpen25-2-15-1024x683.jpg\" alt=\"\" width=\"800\" height=\"534\" srcset=\"https:\/\/sbrp.de\/wp-content\/uploads\/2025\/06\/RLPOpen25-2-15-1024x683.jpg 1024w, https:\/\/sbrp.de\/wp-content\/uploads\/2025\/06\/RLPOpen25-2-15-300x200.jpg 300w, https:\/\/sbrp.de\/wp-content\/uploads\/2025\/06\/RLPOpen25-2-15-768x512.jpg 768w, https:\/\/sbrp.de\/wp-content\/uploads\/2025\/06\/RLPOpen25-2-15.jpg 1500w\" sizes=\"auto, (max-width: 800px) 100vw, 800px\" \/><\/a><\/p>\n<div data-post-id=\"2692\" class=\"insert-page insert-page-2692 \"><h1><a href=\"https:\/\/sbrp.de\/?p=2692\">Halbzeit beim RLP Open 2025<\/a><\/h1>\n\t\t\t\t\t\tEin warmer und entsprechend anstrengender Br\u00fcckentag liegt hinter den 231 Teilnehmern, wobei der Wetterdienst f\u00fcr den heutigen Samstag und die Runden 5 und 6 keine Verbesserung und f\u00fcr den Abschlusstag morgen satte 34\u00b0C prophezeit. (Weiterlesen durch Klick auf Beitragstitel...)<\/div>\n<p><a href=\"https:\/\/sbrp.de\/wp-content\/uploads\/2025\/06\/RLP-Open2025-Tag7-scaled.jpg\"><img loading=\"lazy\" decoding=\"async\" class=\"aligncenter size-large wp-image-2685\" src=\"https:\/\/sbrp.de\/wp-content\/uploads\/2025\/06\/RLP-Open2025-Tag7-1024x768.jpg\" alt=\"\" width=\"800\" height=\"600\" srcset=\"https:\/\/sbrp.de\/wp-content\/uploads\/2025\/06\/RLP-Open2025-Tag7-1024x768.jpg 1024w, https:\/\/sbrp.de\/wp-content\/uploads\/2025\/06\/RLP-Open2025-Tag7-300x225.jpg 300w, https:\/\/sbrp.de\/wp-content\/uploads\/2025\/06\/RLP-Open2025-Tag7-768x576.jpg 768w, https:\/\/sbrp.de\/wp-content\/uploads\/2025\/06\/RLP-Open2025-Tag7-1536x1152.jpg 1536w, https:\/\/sbrp.de\/wp-content\/uploads\/2025\/06\/RLP-Open2025-Tag7-2048x1536.jpg 2048w\" sizes=\"auto, (max-width: 800px) 100vw, 800px\" \/><\/a><\/p>\n<div data-post-id=\"2678\" class=\"insert-page insert-page-2678 \"><h1><a href=\"https:\/\/sbrp.de\/?p=2678\">Runde 1 &#038; 2 sind gespielt &#8211; Rheinland-Pfalz Open in vollem Gange<\/a><\/h1>\n\t\t\t\t\t\tBei bestem Freibadwetter haben sich heute in der Festhalle Heimbach-Weis mit 232 Spielerinnen und Spielern zwar deutlich mehr Teilnehmer als im Vorjahr an die Bretter begeben, der Rekord von 2023 in Engers wurde aber dennoch knapp verfehlt. Immerhin auch 15 Meistertiteltr\u00e4ger kreuzen in der Deichstadt die Klingen und es gab direkt am ersten Tag auch schon die eine oder andere \u00dcberraschung. (Mehr durch Klick...)<\/div>\n<p>&nbsp;<\/p>\n<p><a href=\"https:\/\/sbrp.de\/wp-content\/uploads\/2025\/06\/RLPOpen25-2-scaled.jpg\"><img loading=\"lazy\" decoding=\"async\" class=\"aligncenter size-large wp-image-2667\" src=\"https:\/\/sbrp.de\/wp-content\/uploads\/2025\/06\/RLPOpen25-2-1024x683.jpg\" alt=\"\" width=\"800\" height=\"534\" srcset=\"https:\/\/sbrp.de\/wp-content\/uploads\/2025\/06\/RLPOpen25-2-1024x683.jpg 1024w, https:\/\/sbrp.de\/wp-content\/uploads\/2025\/06\/RLPOpen25-2-300x200.jpg 300w, https:\/\/sbrp.de\/wp-content\/uploads\/2025\/06\/RLPOpen25-2-768x512.jpg 768w, https:\/\/sbrp.de\/wp-content\/uploads\/2025\/06\/RLPOpen25-2-1536x1024.jpg 1536w, https:\/\/sbrp.de\/wp-content\/uploads\/2025\/06\/RLPOpen25-2-2048x1365.jpg 2048w\" sizes=\"auto, (max-width: 800px) 100vw, 800px\" \/><\/a><\/p>\n<div data-post-id=\"2664\" class=\"insert-page insert-page-2664 \"><h1><a href=\"https:\/\/sbrp.de\/?p=2664\">Gro\u00dfer Andrang beim Rheinland-Pfalz Open 2025<\/a><\/h1>\n\t\t\t\t\t\tHeute startet in Heimbach-Weis das diesj\u00e4hrige Rheinland-Pfalz Open und es zeichnet sich eine Rekordbeteiligung ab. Mit circa 250 Voranmeldungen ist die eigentlich ausgeschriebene Kapazit\u00e4t ersch\u00f6pft und die lange Schlange an der Anmeldung best\u00e4tigt, dass trotz bestem Wetter kaum jemand von der Liste fehlt. (Klick auf Beitragstitel...)<\/div>\n<p>&nbsp;<\/p>\n<h2 style=\"text-align: center;\">Zum Abschlussbericht des letzten Jahres:<\/h2>\n<p><a href=\"https:\/\/sbrp.de\/?p=2123\"><img loading=\"lazy\" decoding=\"async\" class=\"aligncenter wp-image-2130 size-large\" src=\"https:\/\/sbrp.de\/wp-content\/uploads\/2024\/06\/TurniersiegerWuer-1024x665.jpg\" alt=\"\" width=\"800\" height=\"520\" srcset=\"https:\/\/sbrp.de\/wp-content\/uploads\/2024\/06\/TurniersiegerWuer-1024x665.jpg 1024w, https:\/\/sbrp.de\/wp-content\/uploads\/2024\/06\/TurniersiegerWuer-300x195.jpg 300w, https:\/\/sbrp.de\/wp-content\/uploads\/2024\/06\/TurniersiegerWuer-768x499.jpg 768w, https:\/\/sbrp.de\/wp-content\/uploads\/2024\/06\/TurniersiegerWuer-1536x998.jpg 1536w, https:\/\/sbrp.de\/wp-content\/uploads\/2024\/06\/TurniersiegerWuer-2048x1330.jpg 2048w\" sizes=\"auto, (max-width: 800px) 100vw, 800px\" \/><\/a><\/p>\n<div data-post-id=\"2123\" class=\"insert-page insert-page-2123 \"><h1><a href=\"https:\/\/sbrp.de\/?p=2123\">IM Ruben Gideon K\u00f6llner gewinnt RLP-Open\u2013FM Arkadi Syrov ist Rheinland-Pfalz-Meister<\/a><\/h1>\n\t\t\t\t\t\tVon Fronleichnam bis zum 2. Juni fand die 14. Auflage das Rheinland-Pfalz-Opens in Heimbach-Weis statt. Beim dritten Gastspiel des Turniers in Folge in Neuwied lernten die Teilnehmerinnen und Teilnehmer mit der Festhalls Heimbach-Weis den dritten Austragungsort kennen. Die ger\u00e4umige Halle bot viel Platz f\u00fcr die 205 Teilnehmerinnen und Teilnehmer und das Team des SC Heimbach-Weis\/Neuwied um den engagierten Vorsitzenden Christian Fink sorgte f\u00fcr die gewohnt gute und preiswerte Verpflegung. Die ersten zehn Bretter wurden live \u00fcbertragen und waren bei LiChess, ChessBase und Chess.com zu sehen. (Mehr durch Klick...)<\/div>\n<p>&nbsp;<\/p>\n<p>&nbsp;<\/p>\n","protected":false},"excerpt":{"rendered":"<p>\ufeff\ufeff Zum Vorjahresbericht: &nbsp; Vom 19. und bis zum 22. Juni 2025 fand in Neuwied-Heimbach-Weis das diesj\u00e4hrige Rheinland-Pfalz-Open statt. In<\/p>\n","protected":false},"author":1,"featured_media":0,"parent":0,"menu_order":0,"comment_status":"closed","ping_status":"closed","template":"page-templates\/page-builder.php","meta":{"colormag_page_container_layout":"no_sidebar_full_width","colormag_page_sidebar_layout":"no_sidebar","footnotes":""},"class_list":["post-2512","page","type-page","status-publish","hentry"],"_links":{"self":[{"href":"https:\/\/sbrp.de\/index.php?rest_route=\/wp\/v2\/pages\/2512","targetHints":{"allow":["GET"]}}],"collection":[{"href":"https:\/\/sbrp.de\/index.php?rest_route=\/wp\/v2\/pages"}],"about":[{"href":"https:\/\/sbrp.de\/index.php?rest_route=\/wp\/v2\/types\/page"}],"author":[{"embeddable":true,"href":"https:\/\/sbrp.de\/index.php?rest_route=\/wp\/v2\/users\/1"}],"replies":[{"embeddable":true,"href":"https:\/\/sbrp.de\/index.php?rest_route=%2Fwp%2Fv2%2Fcomments&post=2512"}],"version-history":[{"count":59,"href":"https:\/\/sbrp.de\/index.php?rest_route=\/wp\/v2\/pages\/2512\/revisions"}],"predecessor-version":[{"id":3174,"href":"https:\/\/sbrp.de\/index.php?rest_route=\/wp\/v2\/pages\/2512\/revisions\/3174"}],"wp:attachment":[{"href":"https:\/\/sbrp.de\/index.php?rest_route=%2Fwp%2Fv2%2Fmedia&parent=2512"}],"curies":[{"name":"wp","href":"https:\/\/api.w.org\/{rel}","templated":true}]}}