{"id":2561,"date":"2025-06-05T16:22:52","date_gmt":"2025-06-05T15:22:52","guid":{"rendered":"https:\/\/sbrp.de\/?page_id=2561"},"modified":"2026-01-25T21:55:09","modified_gmt":"2026-01-25T20:55:09","slug":"rlp-jugend-open-2025","status":"publish","type":"page","link":"https:\/\/sbrp.de\/?page_id=2561","title":{"rendered":"RLP Jugend Open 2026"},"content":{"rendered":"<h2 style=\"text-align: center;\"><a href=\"https:\/\/sbrp.de\/wp-content\/uploads\/2025\/11\/BannerRLPJOpen2026.png\"><img loading=\"lazy\" decoding=\"async\" class=\"aligncenter wp-image-3158 size-full\" src=\"https:\/\/sbrp.de\/wp-content\/uploads\/2025\/11\/BannerRLPJOpen2026.png\" alt=\"\" width=\"1024\" height=\"152\" srcset=\"https:\/\/sbrp.de\/wp-content\/uploads\/2025\/11\/BannerRLPJOpen2026.png 1024w, https:\/\/sbrp.de\/wp-content\/uploads\/2025\/11\/BannerRLPJOpen2026-300x45.png 300w, https:\/\/sbrp.de\/wp-content\/uploads\/2025\/11\/BannerRLPJOpen2026-768x114.png 768w\" sizes=\"auto, (max-width: 1024px) 100vw, 1024px\" \/><\/a><a href=\"https:\/\/sbrp.de\/wp-content\/uploads\/2026\/01\/3.-RLP-Jugend-Open-2026.pdf\">&gt;&gt;Zur Ausschreibung f\u00fcr 2026&lt;&lt;<\/a><\/h2>\n<p>&nbsp;<\/p>\n<p>Zum Vorjahresbericht:<\/p>\n<p>&nbsp;<\/p>\n<p><a href=\"https:\/\/sbrp.de\/wp-content\/uploads\/2025\/09\/RLPJO25Blick-in-Turniersaal-scaled.jpg\"><img loading=\"lazy\" decoding=\"async\" class=\"aligncenter size-large wp-image-3049\" src=\"https:\/\/sbrp.de\/wp-content\/uploads\/2025\/09\/RLPJO25Blick-in-Turniersaal-1024x768.jpg\" alt=\"\" width=\"800\" height=\"600\" srcset=\"https:\/\/sbrp.de\/wp-content\/uploads\/2025\/09\/RLPJO25Blick-in-Turniersaal-1024x768.jpg 1024w, https:\/\/sbrp.de\/wp-content\/uploads\/2025\/09\/RLPJO25Blick-in-Turniersaal-300x225.jpg 300w, https:\/\/sbrp.de\/wp-content\/uploads\/2025\/09\/RLPJO25Blick-in-Turniersaal-768x576.jpg 768w, https:\/\/sbrp.de\/wp-content\/uploads\/2025\/09\/RLPJO25Blick-in-Turniersaal-1536x1152.jpg 1536w, https:\/\/sbrp.de\/wp-content\/uploads\/2025\/09\/RLPJO25Blick-in-Turniersaal-2048x1536.jpg 2048w\" sizes=\"auto, (max-width: 800px) 100vw, 800px\" \/><\/a><\/p>\n<div data-post-id=\"3046\" class=\"insert-page insert-page-3046 \"><h1 class='insert-page-title'>2. Rheinland-Pfalz-Jugend-Open<\/h1><p>Vom 15.08.2025 bis 17.08.2025 fand das zweite Rheinland-Pfalz-Jugend-Open in Speyer statt. Das Turnier wurde nach Spielst\u00e4rke in zwei Gruppen geteilt. Im A-Turnier starteten 17 Spieler. Im B-Turnier waren es 61 Spielerinnen und Spieler.<\/p>\n<p>In beiden Turnieren wurden f\u00fcnf Runden Schweizer System mit einer Bedenkzeit von 90 Minuten f\u00fcr 40 Z\u00fcge plus 30 Sekunden Inkrement ab Zug 1. Spannend war es in beiden Turnieren bis zum Schluss.<\/p>\n<p>Vor der Schlussrunde hatte im B-Turnier Ben Usinger (SC Ramstein-Miesenbach) einen halben Punkt Vorsprung auf die vierk\u00f6pfige Verfolgergruppe.<\/p>\n<figure id=\"attachment_3047\" aria-describedby=\"caption-attachment-3047\" style=\"width: 800px\" class=\"wp-caption aligncenter\"><a href=\"https:\/\/sbrp.de\/wp-content\/uploads\/2025\/09\/RLPJO25Siegerehrung-B-Turnier.jpg\"><img loading=\"lazy\" decoding=\"async\" class=\"size-large wp-image-3047\" src=\"https:\/\/sbrp.de\/wp-content\/uploads\/2025\/09\/RLPJO25Siegerehrung-B-Turnier-1024x768.jpg\" alt=\"\" width=\"800\" height=\"600\" srcset=\"https:\/\/sbrp.de\/wp-content\/uploads\/2025\/09\/RLPJO25Siegerehrung-B-Turnier-1024x768.jpg 1024w, https:\/\/sbrp.de\/wp-content\/uploads\/2025\/09\/RLPJO25Siegerehrung-B-Turnier-300x225.jpg 300w, https:\/\/sbrp.de\/wp-content\/uploads\/2025\/09\/RLPJO25Siegerehrung-B-Turnier-768x576.jpg 768w, https:\/\/sbrp.de\/wp-content\/uploads\/2025\/09\/RLPJO25Siegerehrung-B-Turnier-1536x1152.jpg 1536w, https:\/\/sbrp.de\/wp-content\/uploads\/2025\/09\/RLPJO25Siegerehrung-B-Turnier.jpg 2048w\" sizes=\"auto, (max-width: 800px) 100vw, 800px\" \/><\/a><figcaption id=\"caption-attachment-3047\" class=\"wp-caption-text\">Siegerehrung B-Turnier<\/figcaption><\/figure>\n<p><a href=\"https:\/\/chess-results.com\/tnr1173777.aspx\">https:\/\/chess-results.com\/tnr1173777.aspx<\/a><\/p>\n<p>Ben bekam in der Schlussrunde seinen Vereinskollegen Daniel Hoof aus der Verfolgergruppe. Diese Partie war die letzte Partie des Tages. Am Ende entschied Ben die Partie f\u00fcr sich und k\u00fcrte sich zum Sieger des B-Turniers mit 5 Punkten. Alexander Seidel (Multatuli Ingelheim) konnte mit einem Sieg und der besseren Buchholz Platz 2 f\u00fcr sich behaupten. Platz 3 ging an Florian Kretz (SK 69 M\u00fchlhausen). Die Pl\u00e4tze 4 bis 6 hatten jeweils 4 Punkte. Vierter wurde Daniel Kretz (SK 69 M\u00fchlhausen) vor Jannik H\u00f6blich (SF Ochtendung) und Julius Arne (SK Kaiserslautern), der zugleich bester U12 Spieler wurde und den U12-Jugendpreis in Empfang nahm.. Die Ratingpreise gingen an Elias Blum-Barth mit 3,5 Punkte (DWZ&lt;1350) und Lionel Grimm mit 2,5 Punkte (DWZ&lt;1000).<\/p>\n<p>F\u00fcnf Spieler mit 3 Punkten f\u00fchrten das A-Turnier vor der letzten Runde an. Kaiwen Wang konnte die letzte Runde nicht spielen, sodass folgende Paarungen zu Stande kamen: David Schwarz gegen Mansur Mukazhanov und Harshill Pradeep gegen Maximilian Steigleder. Beide Spieler mit den wei\u00dfen Steinen konnten ihre Partie f\u00fcr sich entscheiden und somit musste die Buchholz \u00fcber den Turniersieger entscheiden. Mit einem halben Buchholzpunkt Vorsprung verteidigte Harshill Pradeep (SK Bickenbach) seinen Sieg aus dem letzten Jahr vor David Schwarz (SF Birkenfeld).<\/p>\n<figure id=\"attachment_3048\" aria-describedby=\"caption-attachment-3048\" style=\"width: 800px\" class=\"wp-caption aligncenter\"><a href=\"https:\/\/sbrp.de\/wp-content\/uploads\/2025\/09\/RLPJI25Siegerehrung-A-Turnier.jpg\"><img loading=\"lazy\" decoding=\"async\" class=\"wp-image-3048 size-large\" src=\"https:\/\/sbrp.de\/wp-content\/uploads\/2025\/09\/RLPJI25Siegerehrung-A-Turnier-1024x768.jpg\" alt=\"\" width=\"800\" height=\"600\" srcset=\"https:\/\/sbrp.de\/wp-content\/uploads\/2025\/09\/RLPJI25Siegerehrung-A-Turnier-1024x768.jpg 1024w, https:\/\/sbrp.de\/wp-content\/uploads\/2025\/09\/RLPJI25Siegerehrung-A-Turnier-300x225.jpg 300w, https:\/\/sbrp.de\/wp-content\/uploads\/2025\/09\/RLPJI25Siegerehrung-A-Turnier-768x576.jpg 768w, https:\/\/sbrp.de\/wp-content\/uploads\/2025\/09\/RLPJI25Siegerehrung-A-Turnier-1536x1152.jpg 1536w, https:\/\/sbrp.de\/wp-content\/uploads\/2025\/09\/RLPJI25Siegerehrung-A-Turnier.jpg 2048w\" sizes=\"auto, (max-width: 800px) 100vw, 800px\" \/><\/a><figcaption id=\"caption-attachment-3048\" class=\"wp-caption-text\">Siegerehrung A-Turnier<\/figcaption><\/figure>\n<p><a href=\"https:\/\/chess-results.com\/tnr1173773.aspx\">https:\/\/chess-results.com\/tnr1173773.aspx<\/a><\/p>\n<p>Die Pl\u00e4tze 3 bis 8 erspielten sich alle 3 Punkte, sodass die Feinwertung entscheiden musste. Dritter wurde Maximilian Steigleder (SF 1932 Kelkheim) vor Jonas Kaufhold (TSG Eisenberg) und Lasse Willems (SC Ramstein-Miesenbach). Den U16-Jugendpreis erhielt Kaiwen Wang (Platz 6). Die Ratingpreise gingen an Nicolas Wagener mit 3 Punkten (DWZ&lt;1950) und Timo H\u00fcner mit 2,5 Punkten (DWZ&lt;1700) mit den Pl\u00e4tzen 7 und 9.<\/p>\n<p>Ein gro\u00dfer Dank geht an den Pf\u00e4lzischen Schachbund, der uns das Spielmaterial zur Verf\u00fcgung gestellt hat, sowie an die Jugendherberge Speyer.<br \/>\nDas 3.Rheinland-Pfalz-Jugendopen findet vom 14.08.2026 bis 16.08.2026 in der Jugendherberge in Pirmasens statt.<\/p>\n<p>Estelle Morio<\/p>\n<p>Quelle: <a href=\"https:\/\/www.schachjugend-rheinland-pfalz.de\">https:\/\/www.schachjugend-rheinland-pfalz.de<\/a><\/p>\n<ul class='post-meta'>\n<li><span class='post-meta-key'>total_number_of_views:<\/span> 662<\/li>\n<\/ul>\n<\/div>\n<p>&nbsp;<\/p>\n<p>Vom 15. bis zum 17. August 2025 fand in Speyer das zweite Rheinland-Pfalz-Jugend-Open statt.<\/p>\n<p>A-Turnier: U 25 ab 1500 DWZ<\/p>\n<p>B-Turnier: U18 bis 1600 DWZ<\/p>\n<p>Gruppeneinteilung nach DWZ aus DWZ-Datenbank Stand 01.08.2025, 5 Runden Schweizer-System 90 Minuten + 30 Sek. ab dem 1. Zug.<\/p>\n<p>&nbsp;<\/p>\n<table align=\"center\">\n<tbody>\n<tr>\n<td><img loading=\"lazy\" decoding=\"async\" class=\"aligncenter wp-image-2563 size-full\" src=\"https:\/\/sbrp.de\/wp-content\/uploads\/2025\/06\/A-Turnier.jpg\" alt=\"\" width=\"300\" height=\"129\" \/><\/td>\n<td style=\"text-align: center;\"><img loading=\"lazy\" decoding=\"async\" class=\"aligncenter wp-image-2564 size-full\" src=\"https:\/\/sbrp.de\/wp-content\/uploads\/2025\/06\/B-Turnier.jpg\" alt=\"\" width=\"300\" height=\"129\" \/><\/td>\n<\/tr>\n<tr>\n<td><\/td>\n<td><\/td>\n<\/tr>\n<tr>\n<td><a href=\"https:\/\/www.schachjugend-rheinland-pfalz.de\/images\/2025\/jugend_open_2025_ausschreibung.pdf\"><img loading=\"lazy\" decoding=\"async\" class=\"aligncenter wp-image-2557 size-full\" src=\"https:\/\/sbrp.de\/wp-content\/uploads\/2025\/06\/TURNIERFLYER-300x129-1.jpg\" alt=\"\" width=\"300\" height=\"129\" \/><\/a><\/td>\n<td><a href=\"https:\/\/www.schachjugend-rheinland-pfalz.de\/images\/2025\/jugend_open_2025_ausschreibung_weiss.pdf\"><img loading=\"lazy\" decoding=\"async\" class=\"aligncenter wp-image-2557 size-full\" src=\"https:\/\/sbrp.de\/wp-content\/uploads\/2025\/06\/TURNIERFLYER-300x129-1.jpg\" alt=\"\" width=\"300\" height=\"129\" \/><\/a><\/td>\n<\/tr>\n<tr>\n<td><a href=\"https:\/\/s3.chess-results.com\/tnrWZ.aspx?lan=0&amp;art=0&amp;SNode=S0&amp;tno=1173773\"><img loading=\"lazy\" decoding=\"async\" class=\"aligncenter wp-image-2676 size-full\" src=\"https:\/\/sbrp.de\/wp-content\/uploads\/2025\/06\/Turnierstandauf-CResults.jpg\" alt=\"\" width=\"300\" height=\"129\" \/><\/a><\/td>\n<td><a href=\"https:\/\/s1.chess-results.com\/tnrWZ.aspx?lan=0&amp;art=0&amp;SNode=S0&amp;tno=1173777\"><img loading=\"lazy\" decoding=\"async\" class=\"aligncenter wp-image-2676 size-full\" src=\"https:\/\/sbrp.de\/wp-content\/uploads\/2025\/06\/Turnierstandauf-CResults.jpg\" alt=\"\" width=\"300\" height=\"129\" \/><\/a><\/td>\n<\/tr>\n<tr>\n<td><\/td>\n<td><\/td>\n<\/tr>\n<\/tbody>\n<\/table>\n<p><a href=\"https:\/\/www.schachjugend-rheinland-pfalz.de\/\">Zur Veranstalterwebseite, der Schachjugend Rheinland-Pfalz<\/a><\/p>\n<p>&nbsp;<\/p>\n<p><a href=\"https:\/\/www.schachjugend-rheinland-pfalz.de\/index.php\/home\/161-1-rlp-jugend-open-in-worms\">Zum Abschlussbericht des Vorjahres:<\/a><\/p>\n<p>&nbsp;<\/p>\n","protected":false},"excerpt":{"rendered":"<p>&gt;&gt;Zur Ausschreibung f\u00fcr 2026&lt;&lt; &nbsp; Zum Vorjahresbericht: &nbsp; &nbsp; Vom 15. bis zum 17. August 2025 fand in Speyer das<\/p>\n","protected":false},"author":1,"featured_media":0,"parent":0,"menu_order":0,"comment_status":"closed","ping_status":"closed","template":"page-templates\/page-builder.php","meta":{"colormag_page_container_layout":"no_sidebar_full_width","colormag_page_sidebar_layout":"no_sidebar","footnotes":""},"class_list":["post-2561","page","type-page","status-publish","hentry"],"_links":{"self":[{"href":"https:\/\/sbrp.de\/index.php?rest_route=\/wp\/v2\/pages\/2561","targetHints":{"allow":["GET"]}}],"collection":[{"href":"https:\/\/sbrp.de\/index.php?rest_route=\/wp\/v2\/pages"}],"about":[{"href":"https:\/\/sbrp.de\/index.php?rest_route=\/wp\/v2\/types\/page"}],"author":[{"embeddable":true,"href":"https:\/\/sbrp.de\/index.php?rest_route=\/wp\/v2\/users\/1"}],"replies":[{"embeddable":true,"href":"https:\/\/sbrp.de\/index.php?rest_route=%2Fwp%2Fv2%2Fcomments&post=2561"}],"version-history":[{"count":14,"href":"https:\/\/sbrp.de\/index.php?rest_route=\/wp\/v2\/pages\/2561\/revisions"}],"predecessor-version":[{"id":3238,"href":"https:\/\/sbrp.de\/index.php?rest_route=\/wp\/v2\/pages\/2561\/revisions\/3238"}],"wp:attachment":[{"href":"https:\/\/sbrp.de\/index.php?rest_route=%2Fwp%2Fv2%2Fmedia&parent=2561"}],"curies":[{"name":"wp","href":"https:\/\/api.w.org\/{rel}","templated":true}]}}