{"id":3184,"date":"2025-11-10T21:27:17","date_gmt":"2025-11-10T20:27:17","guid":{"rendered":"https:\/\/sbrp.de\/?page_id=3184"},"modified":"2025-11-16T21:43:01","modified_gmt":"2025-11-16T20:43:01","slug":"rlp-frauen-einzelmeisterschaft","status":"publish","type":"page","link":"https:\/\/sbrp.de\/?page_id=3184","title":{"rendered":"RLP-Frauen-Einzelmeisterschaft"},"content":{"rendered":"<p style=\"text-align: center;\"><a href=\"https:\/\/sbrp.de\/wp-content\/uploads\/2025\/11\/BannerRLPJFrauenEinzel2026.png\"><\/p>\n<p><iframe loading=\"lazy\" style=\"border: 0px #FFFFFF none;\" src=\"https:\/\/www.chessmanager.com\/de-de\/tournaments\/5918266968768512\" width=\"100%\" height=\"1600px\"><span style=\"display: inline-block; width: 0px; overflow: hidden; line-height: 0;\" data-mce-type=\"bookmark\" class=\"mce_SELRES_start\">\ufeff<\/span><span style=\"display: inline-block; width: 3px; overflow: hidden; line-height: 0;\" data-mce-type=\"bookmark\" class=\"mce_SELRES_start\">\ufeff<\/span><\/iframe><\/p>\n<p><img loading=\"lazy\" decoding=\"async\" class=\"aligncenter size-full wp-image-3182\" src=\"https:\/\/sbrp.de\/wp-content\/uploads\/2025\/11\/BannerRLPJFrauenEinzel2026.png\" alt=\"\" width=\"1024\" height=\"152\" srcset=\"https:\/\/sbrp.de\/wp-content\/uploads\/2025\/11\/BannerRLPJFrauenEinzel2026.png 1024w, https:\/\/sbrp.de\/wp-content\/uploads\/2025\/11\/BannerRLPJFrauenEinzel2026-300x45.png 300w, https:\/\/sbrp.de\/wp-content\/uploads\/2025\/11\/BannerRLPJFrauenEinzel2026-768x114.png 768w\" sizes=\"auto, (max-width: 1024px) 100vw, 1024px\" \/><\/a><a href=\"https:\/\/sbrp.de\/wp-content\/uploads\/2025\/05\/Ausschreibung-SB-RLP-Einzelmeisterschaft-2026_final.pdf\">Ausschreibung RLP-Einzelmeisterschaft 2026<\/a><\/p>\n<p>Bericht aus dem Vorjahr:<\/p>\n<p><div data-post-id=\"2936\" class=\"insert-page insert-page-2936 \"><h1 class='insert-page-title'>Rheinland-Pfalz-Frauen-Einzelmeisterschaft 2025 Eisenberg (Pfalz), 27.\u201329.06.2025<\/h1><p>In der TSG Jahnhalle Eisenberg fand vom 27. bis zum 29.06.2025 die Offene Frauen-Einzelmeisterschaft 2025 des Schachbundes Rheinland-Pfalz statt. Es gingen 12 Spielerinnen an den Start, die um den Titel der \u201eRheinland-Pfalz-Meisterin 2025\u201c k\u00e4mpften. Die Teilnehmerliste k\u00fcndigte spannende K\u00e4mpfe zwischen den Spielerinnen an. Gespielt wurden f\u00fcnf Runden mit langer Bedenkzeit unter der Leitung des FIDE-Schiedsrichters Norbert Kugel (SK Altrip).<\/p>\n<figure id=\"attachment_2937\" aria-describedby=\"caption-attachment-2937\" style=\"width: 800px\" class=\"wp-caption aligncenter\"><img loading=\"lazy\" decoding=\"async\" class=\"wp-image-2937 size-large\" src=\"https:\/\/sbrp.de\/wp-content\/uploads\/2025\/08\/RLPDEM25-4-1024x577.jpg\" alt=\"\" width=\"800\" height=\"451\" srcset=\"https:\/\/sbrp.de\/wp-content\/uploads\/2025\/08\/RLPDEM25-4-1024x577.jpg 1024w, https:\/\/sbrp.de\/wp-content\/uploads\/2025\/08\/RLPDEM25-4-300x169.jpg 300w, https:\/\/sbrp.de\/wp-content\/uploads\/2025\/08\/RLPDEM25-4-768x432.jpg 768w, https:\/\/sbrp.de\/wp-content\/uploads\/2025\/08\/RLPDEM25-4-1536x865.jpg 1536w, https:\/\/sbrp.de\/wp-content\/uploads\/2025\/08\/RLPDEM25-4-2048x1153.jpg 2048w\" sizes=\"auto, (max-width: 800px) 100vw, 800px\" \/><figcaption id=\"caption-attachment-2937\" class=\"wp-caption-text\">V.l.n.r.: Grit Fischer, Sofie Nazarenus, Dr. Sanja Perovi\u0107-Ottstadt (Referentin f\u00fcr Frauenschach im SB RLP), Lena Mader, Irina Muzyka, Mandy Kalina, Meara Classen, Celine Milena Haefner, Emma Tiuca, Lena Kalina, Verena Rotermund, Dr. Doroth\u00e9e M\u00f6nch<\/figcaption><\/figure>\n<p><img loading=\"lazy\" decoding=\"async\" class=\"aligncenter size-full wp-image-2938\" src=\"https:\/\/sbrp.de\/wp-content\/uploads\/2025\/08\/RLPDEM25Startrangliste.png\" alt=\"\" width=\"533\" height=\"342\" srcset=\"https:\/\/sbrp.de\/wp-content\/uploads\/2025\/08\/RLPDEM25Startrangliste.png 533w, https:\/\/sbrp.de\/wp-content\/uploads\/2025\/08\/RLPDEM25Startrangliste-300x192.png 300w\" sizes=\"auto, (max-width: 533px) 100vw, 533px\" \/><\/p>\n<p>Die Spielbedingungen und die Verpflegung waren hervorragend. Ganz lieben Dank an den Landesspielleiter Johannes Denzer (Pf\u00e4lzischer Schachbund) und die TSG Eisenberg Schach!<\/p>\n<figure id=\"attachment_2939\" aria-describedby=\"caption-attachment-2939\" style=\"width: 800px\" class=\"wp-caption aligncenter\"><img loading=\"lazy\" decoding=\"async\" class=\"wp-image-2939 size-large\" src=\"https:\/\/sbrp.de\/wp-content\/uploads\/2025\/08\/RLPDEM25-1-1024x768.jpg\" alt=\"\" width=\"800\" height=\"600\" srcset=\"https:\/\/sbrp.de\/wp-content\/uploads\/2025\/08\/RLPDEM25-1-1024x768.jpg 1024w, https:\/\/sbrp.de\/wp-content\/uploads\/2025\/08\/RLPDEM25-1-300x225.jpg 300w, https:\/\/sbrp.de\/wp-content\/uploads\/2025\/08\/RLPDEM25-1-768x576.jpg 768w, https:\/\/sbrp.de\/wp-content\/uploads\/2025\/08\/RLPDEM25-1-1536x1152.jpg 1536w, https:\/\/sbrp.de\/wp-content\/uploads\/2025\/08\/RLPDEM25-1-2048x1536.jpg 2048w\" sizes=\"auto, (max-width: 800px) 100vw, 800px\" \/><figcaption id=\"caption-attachment-2939\" class=\"wp-caption-text\">Turnierbereich in der TSG Jahnhalle Eisenberg (Pfalz)<\/figcaption><\/figure>\n<p><img loading=\"lazy\" decoding=\"async\" class=\"aligncenter wp-image-2940 size-large\" src=\"https:\/\/sbrp.de\/wp-content\/uploads\/2025\/08\/RLPDEM25-2-1024x768.jpg\" alt=\"\" width=\"800\" height=\"600\" srcset=\"https:\/\/sbrp.de\/wp-content\/uploads\/2025\/08\/RLPDEM25-2-1024x768.jpg 1024w, https:\/\/sbrp.de\/wp-content\/uploads\/2025\/08\/RLPDEM25-2-300x225.jpg 300w, https:\/\/sbrp.de\/wp-content\/uploads\/2025\/08\/RLPDEM25-2-768x576.jpg 768w, https:\/\/sbrp.de\/wp-content\/uploads\/2025\/08\/RLPDEM25-2-1536x1152.jpg 1536w, https:\/\/sbrp.de\/wp-content\/uploads\/2025\/08\/RLPDEM25-2-2048x1536.jpg 2048w\" sizes=\"auto, (max-width: 800px) 100vw, 800px\" \/><\/p>\n<p>Alle Punkte im Turnier wurden hart erk\u00e4mpft. Es gab sehr wenige Remis. Die Nachwuchstalente (Meara, Emma und Sofie) haben hervorragend gespielt und eine starke Leistung gezeigt. Emma Tiuca belegte den 4. Platz (3 Punkte) und Sofie Nazarenus den 6. Platz (3 Punkte). Die j\u00fcngste Spielerin im Turnier war Meara Classen. Sie hat 2 Punkte erk\u00e4mpft (10. Platz).<\/p>\n<p>Lena Mader (SC Ramstein-Miesenbach) siegte souver\u00e4n mit 4,5 Punkten und holte damit den Titel \u201eRheinland-Pfalz-Meisterin 2025\u201c. In der Endabrechnung belegte Verena Rotermund (Vorw\u00e4rts Orient Mainz) den 2. Platz und Lena Kalina (SC Landskrone) den 3. Platz.<\/p>\n<p><img loading=\"lazy\" decoding=\"async\" class=\"aligncenter size-full wp-image-2941\" src=\"https:\/\/sbrp.de\/wp-content\/uploads\/2025\/08\/RLPDEM25Endstand.png\" alt=\"\" width=\"639\" height=\"408\" srcset=\"https:\/\/sbrp.de\/wp-content\/uploads\/2025\/08\/RLPDEM25Endstand.png 639w, https:\/\/sbrp.de\/wp-content\/uploads\/2025\/08\/RLPDEM25Endstand-300x192.png 300w\" sizes=\"auto, (max-width: 639px) 100vw, 639px\" \/><\/p>\n<figure id=\"attachment_2942\" aria-describedby=\"caption-attachment-2942\" style=\"width: 768px\" class=\"wp-caption aligncenter\"><img loading=\"lazy\" decoding=\"async\" class=\"size-large wp-image-2942\" src=\"https:\/\/sbrp.de\/wp-content\/uploads\/2025\/08\/RLPDEM25-5-768x1024.jpg\" alt=\"\" width=\"768\" height=\"1024\" srcset=\"https:\/\/sbrp.de\/wp-content\/uploads\/2025\/08\/RLPDEM25-5-768x1024.jpg 768w, https:\/\/sbrp.de\/wp-content\/uploads\/2025\/08\/RLPDEM25-5-225x300.jpg 225w, https:\/\/sbrp.de\/wp-content\/uploads\/2025\/08\/RLPDEM25-5-1152x1536.jpg 1152w, https:\/\/sbrp.de\/wp-content\/uploads\/2025\/08\/RLPDEM25-5-1536x2048.jpg 1536w, https:\/\/sbrp.de\/wp-content\/uploads\/2025\/08\/RLPDEM25-5-scaled.jpg 1920w\" sizes=\"auto, (max-width: 768px) 100vw, 768px\" \/><figcaption id=\"caption-attachment-2942\" class=\"wp-caption-text\">V.l.n.r.: Verena Rotermund (2.), Lena Mader (1.), Lena Kalina (3.)<\/figcaption><\/figure>\n<p>Mein besonderer Dank geht an die TSG Eisenberg Schach, an den LSL Johannes Denzer und an alle Helferinnen und Helfer. Ferner m\u00f6chte ich mich bei dem FIDE-Schiedsrichter Norbert Kugel (SK Altrip) bedanken, der das Turnier \u00fcber die drei Spieltage hinweg souver\u00e4n geleitet hat.<\/p>\n<p>Dr. Sanja Perovi\u0107-Ottstadt, Referentin f\u00fcr Frauenschach im Schachbund Rheinland-Pfalz<\/p>\n<\/div>]<\/p>\n<p>&nbsp;<\/p>\n","protected":false},"excerpt":{"rendered":"<p>\ufeff\ufeff Ausschreibung RLP-Einzelmeisterschaft 2026 Bericht aus dem Vorjahr: ] &nbsp;<\/p>\n","protected":false},"author":1,"featured_media":0,"parent":0,"menu_order":0,"comment_status":"closed","ping_status":"closed","template":"page-templates\/page-builder.php","meta":{"colormag_page_container_layout":"default_layout","colormag_page_sidebar_layout":"default_layout","footnotes":""},"class_list":["post-3184","page","type-page","status-publish","hentry"],"_links":{"self":[{"href":"https:\/\/sbrp.de\/index.php?rest_route=\/wp\/v2\/pages\/3184","targetHints":{"allow":["GET"]}}],"collection":[{"href":"https:\/\/sbrp.de\/index.php?rest_route=\/wp\/v2\/pages"}],"about":[{"href":"https:\/\/sbrp.de\/index.php?rest_route=\/wp\/v2\/types\/page"}],"author":[{"embeddable":true,"href":"https:\/\/sbrp.de\/index.php?rest_route=\/wp\/v2\/users\/1"}],"replies":[{"embeddable":true,"href":"https:\/\/sbrp.de\/index.php?rest_route=%2Fwp%2Fv2%2Fcomments&post=3184"}],"version-history":[{"count":5,"href":"https:\/\/sbrp.de\/index.php?rest_route=\/wp\/v2\/pages\/3184\/revisions"}],"predecessor-version":[{"id":3195,"href":"https:\/\/sbrp.de\/index.php?rest_route=\/wp\/v2\/pages\/3184\/revisions\/3195"}],"wp:attachment":[{"href":"https:\/\/sbrp.de\/index.php?rest_route=%2Fwp%2Fv2%2Fmedia&parent=3184"}],"curies":[{"name":"wp","href":"https:\/\/api.w.org\/{rel}","templated":true}]}}