{"id":5,"date":"2018-12-28T21:47:01","date_gmt":"2018-12-28T21:47:01","guid":{"rendered":"http:\/\/sbrp.de\/?page_id=5"},"modified":"2023-10-17T19:52:39","modified_gmt":"2023-10-17T18:52:39","slug":"impressum","status":"publish","type":"page","link":"https:\/\/sbrp.de\/?page_id=5","title":{"rendered":"Impressum"},"content":{"rendered":"<p><strong>Betreiber der Webseite:<\/strong><\/p>\n<p>Schachbund Rheinland-Pfalz e. V.<br \/>\nEingetragen im Vereinsregister Main, Nr. 1759<\/p>\n<p><strong>Vertretungsberechtigt:<\/strong><br \/>\nAchim Schmitt (Pr\u00e4sident)<br \/>\nUnkenweg 7<br \/>\n54338 Schweich<\/p>\n<p>Tel.: 06502 932861<br \/>\neMail: <a href=\"mailto:praesident@sbrp.de\"> praesident@sbrp.de<\/a><\/p>\n<p><strong>Technischer Ansprechpartner:<\/strong><br \/>\nMarkus H\u00f6blich (Referent f\u00fcr \u00d6ffentlichkeitsarbeit und Internet)<br \/>\neMail: internet{bei}sbrp.de<\/p>\n<p><strong>Zum Thema Datenschutz:<\/strong><\/p>\n<p><a href=\"https:\/\/sbrp.de\/wp-content\/uploads\/2019\/01\/SBRP-Datenschutzordnung-2018-11-24.pdf\">SBRP &#8211; Datenschutzordnung [2018-11-24]<\/a><\/p>\n<p>&nbsp;<\/p>\n<p>&nbsp;<\/p>\n<p>Quelle der Fotos f\u00fcr die Headerdatei:<\/p>\n<p>Besten Dank an:<\/p>\n<p><a href=\"https:\/\/pixabay.com\/\">Pixabay<\/a> &#8211;<\/p>\n<p>Hambacher Schloss von WolfgangBantz<\/p>\n<p>Deutsches Eck von mobasoft24<\/p>\n<p>Porta Nigra von connie_sf<\/p>\n","protected":false},"excerpt":{"rendered":"<p>Betreiber der Webseite: Schachbund Rheinland-Pfalz e. V. Eingetragen im Vereinsregister Main, Nr. 1759 Vertretungsberechtigt: Achim Schmitt (Pr\u00e4sident) Unkenweg 7 54338<\/p>\n","protected":false},"author":1,"featured_media":0,"parent":0,"menu_order":0,"comment_status":"closed","ping_status":"closed","template":"","meta":{"colormag_page_container_layout":"default_layout","colormag_page_sidebar_layout":"default_layout","footnotes":""},"class_list":["post-5","page","type-page","status-publish","hentry"],"_links":{"self":[{"href":"https:\/\/sbrp.de\/index.php?rest_route=\/wp\/v2\/pages\/5","targetHints":{"allow":["GET"]}}],"collection":[{"href":"https:\/\/sbrp.de\/index.php?rest_route=\/wp\/v2\/pages"}],"about":[{"href":"https:\/\/sbrp.de\/index.php?rest_route=\/wp\/v2\/types\/page"}],"author":[{"embeddable":true,"href":"https:\/\/sbrp.de\/index.php?rest_route=\/wp\/v2\/users\/1"}],"replies":[{"embeddable":true,"href":"https:\/\/sbrp.de\/index.php?rest_route=%2Fwp%2Fv2%2Fcomments&post=5"}],"version-history":[{"count":8,"href":"https:\/\/sbrp.de\/index.php?rest_route=\/wp\/v2\/pages\/5\/revisions"}],"predecessor-version":[{"id":1916,"href":"https:\/\/sbrp.de\/index.php?rest_route=\/wp\/v2\/pages\/5\/revisions\/1916"}],"wp:attachment":[{"href":"https:\/\/sbrp.de\/index.php?rest_route=%2Fwp%2Fv2%2Fmedia&parent=5"}],"curies":[{"name":"wp","href":"https:\/\/api.w.org\/{rel}","templated":true}]}}