{"id":51,"date":"2019-01-05T00:23:46","date_gmt":"2019-01-04T23:23:46","guid":{"rendered":"https:\/\/sbrp.de\/?page_id=51"},"modified":"2026-04-11T10:03:48","modified_gmt":"2026-04-11T09:03:48","slug":"funktionaere","status":"publish","type":"page","link":"https:\/\/sbrp.de\/?page_id=51","title":{"rendered":"Funktion\u00e4re"},"content":{"rendered":"<p><strong>Pr\u00e4sident:<\/strong><br \/>\nAchim Schmitt<br \/>\neMail:praesident{bei}sbrp.de<\/p>\n<hr \/>\n<p><strong>Vize-Pr\u00e4sident (Regionalverband Pfalz):<\/strong><br \/>\nMichael M\u00fcller<br \/>\neMail:praesident{bei}pfaelzischer-schachbund.de<\/p>\n<p><strong>Vize-Pr\u00e4sident (Regionalverband Rheinhessen):<\/strong><br \/>\nUwe Michalski<br \/>\neMail:vizepraesidentrheinhessen{bei}sbrp.de<\/p>\n<p><strong>Vize-Pr\u00e4sident (Regionalverband Rheinland):<\/strong><br \/>\nKarsten Loof<strong><br \/>\n<\/strong>eMail:vizepraesidentrheinland{bei}sbrp.de<\/p>\n<hr \/>\n<p><strong>Schatzmeister:<\/strong><br \/>\nWolfgang Cleve-Prinz<strong><br \/>\n<\/strong>eMail:wolfgang.cleve-prinz{bei}t-online.de<\/p>\n<p><strong>Gesch\u00e4ftsf\u00fchrer:<\/strong><br \/>\nRalf Henkel<br \/>\neMail:geschaeftsfuehrer{bei}sbrp.de<\/p>\n<p><strong>Landesspielleiter Einzel:<\/strong><br \/>\nFlorian Best<br \/>\neMail:florianbest{bei}aol.com<\/p>\n<p><strong>Landesspielleiter Mannschaft:<\/strong><br \/>\nNorbert Kugel<b><br \/>\n<\/b>eMail:landesspielleiter-m{bei}sbrp.de<\/p>\n<p><strong>Referent f\u00fcr Datenverarbeitung:<\/strong><br \/>\nStefan Ritzheim<br \/>\neMail:dv{bei}sbrp.de<\/p>\n<p><strong>Referent f\u00fcr Ausbildung:<\/strong><br \/>\nMichael M\u00fcller<br \/>\neMail:praesident{bei}pfaelzischer-schachbund.de<\/p>\n<p><strong>Referent f\u00fcr Seniorenschach:<\/strong><br \/>\nWolfgang Cleve-Prinz<br \/>\neMail:wolfgang.cleve-prinz{bei}t-online.de<\/p>\n<p><strong>Referentin f\u00fcr Frauenschach:<\/strong><br \/>\nDr. Sanja Perovic-Ottstadt<br \/>\neMail:frauenschach{bei}sbrp.de<\/p>\n<p><strong>Referent f\u00fcr \u00d6ffentlichkeitsarbeit und Internet:<\/strong><br \/>\nMarkus H\u00f6blich<br \/>\neMail:internet{bei}sbrp.de<\/p>\n<p><strong>Vorsitzender Schachjugend Rheinland-Pfalz:<\/strong><br \/>\nProf. Dr. Ludwig Peetz<strong><br \/>\n<\/strong>eMail:ludwig-peetz{bei}t-online.de<\/p>\n<p><strong>Beauftragter OSW:<\/strong><br \/>\nNorbert Kugel<br \/>\neMail:norbert.kugel{bei}web.de<\/p>\n<p><strong>Beauftragter Problemschach:<br \/>\n<\/strong><strong><span style=\"color: #ff0000;\">Posten vakant<\/span><\/strong><\/p>\n<p><strong>Beauftragter Fernschach:<br \/>\n<\/strong>Michael H\u00f6ber<br \/>\neMail:michael.hoeber{bei}web.de<\/p>\n<p><strong>Rechnungspr\u00fcfer:<\/strong><br \/>\nThomas Klein, Daniel Hendrich, Vertreter: Wilhelm Kannegie\u00dfer<\/p>\n<hr \/>\n<p><strong>Schiedsgericht:<\/strong><\/p>\n<p>Vorsitzender Schiedsgericht Schachbund Rheinland-Pfalz e.V.<\/p>\n<p>Ulrich Christoffel, Weihersbergstr. 35, 56581 Melsbach<\/p>\n<p>vorsitzender.schiedsgericht{bei}sbrp.de<\/p>\n<p>Stellvertretender Vorsitzender: Gottfried Reitz<br \/>\nBeisitzer: Klemens Ranker und Wilhelm Kannegie\u00dfer<br \/>\nStellvertretende Beisitzer: Jan Wilk und Philipp R\u00f6lle<\/p>\n<hr \/>\n<p><strong>Ehrenpr\u00e4sident:<\/strong><br \/>\n<strong>G\u00fcnther M\u00fcller\u271f<br \/>\nRudolf Schwind\u271f<br \/>\n<\/strong><\/p>\n","protected":false},"excerpt":{"rendered":"<p>Pr\u00e4sident: Achim Schmitt eMail:praesident{bei}sbrp.de Vize-Pr\u00e4sident (Regionalverband Pfalz): Michael M\u00fcller eMail:praesident{bei}pfaelzischer-schachbund.de Vize-Pr\u00e4sident (Regionalverband Rheinhessen): Uwe Michalski eMail:vizepraesidentrheinhessen{bei}sbrp.de Vize-Pr\u00e4sident (Regionalverband Rheinland): Karsten<\/p>\n","protected":false},"author":1,"featured_media":0,"parent":0,"menu_order":0,"comment_status":"closed","ping_status":"closed","template":"","meta":{"colormag_page_container_layout":"default_layout","colormag_page_sidebar_layout":"default_layout","footnotes":""},"class_list":["post-51","page","type-page","status-publish","hentry"],"_links":{"self":[{"href":"https:\/\/sbrp.de\/index.php?rest_route=\/wp\/v2\/pages\/51","targetHints":{"allow":["GET"]}}],"collection":[{"href":"https:\/\/sbrp.de\/index.php?rest_route=\/wp\/v2\/pages"}],"about":[{"href":"https:\/\/sbrp.de\/index.php?rest_route=\/wp\/v2\/types\/page"}],"author":[{"embeddable":true,"href":"https:\/\/sbrp.de\/index.php?rest_route=\/wp\/v2\/users\/1"}],"replies":[{"embeddable":true,"href":"https:\/\/sbrp.de\/index.php?rest_route=%2Fwp%2Fv2%2Fcomments&post=51"}],"version-history":[{"count":34,"href":"https:\/\/sbrp.de\/index.php?rest_route=\/wp\/v2\/pages\/51\/revisions"}],"predecessor-version":[{"id":3249,"href":"https:\/\/sbrp.de\/index.php?rest_route=\/wp\/v2\/pages\/51\/revisions\/3249"}],"wp:attachment":[{"href":"https:\/\/sbrp.de\/index.php?rest_route=%2Fwp%2Fv2%2Fmedia&parent=51"}],"curies":[{"name":"wp","href":"https:\/\/api.w.org\/{rel}","templated":true}]}}