{"id":907,"date":"2020-11-15T17:17:03","date_gmt":"2020-11-15T16:17:03","guid":{"rendered":"https:\/\/sbrp.de\/?page_id=907"},"modified":"2020-11-15T17:17:03","modified_gmt":"2020-11-15T16:17:03","slug":"rss-feed","status":"publish","type":"page","link":"https:\/\/sbrp.de\/?page_id=907","title":{"rendered":"RSS Feed"},"content":{"rendered":"<p>Unsere Seite kann man auch mit einem RSS-Feed-Reader abonnieren. Auch manche Mailprogramme wie z. B. Thunderbird von Mozilla, Outlook von Microsoft oder aber auch Apps f\u00fcr die g\u00e4ngigen Smartphones k\u00f6nnen diese auswerten und euch so auf dem laufenden halten. Unsere Adresse hierf\u00fcr findet sich hier:<\/p>\n<p><a href=\"https:\/\/sbrp.de\/?feed=rss2\">https:\/\/sbrp.de\/?feed=rss2<\/a><\/p>\n","protected":false},"excerpt":{"rendered":"<p>Unsere Seite kann man auch mit einem RSS-Feed-Reader abonnieren. Auch manche Mailprogramme wie z. B. Thunderbird von Mozilla, Outlook von<\/p>\n","protected":false},"author":1,"featured_media":0,"parent":0,"menu_order":0,"comment_status":"closed","ping_status":"closed","template":"","meta":{"colormag_page_container_layout":"default_layout","colormag_page_sidebar_layout":"default_layout","footnotes":""},"class_list":["post-907","page","type-page","status-publish","hentry"],"_links":{"self":[{"href":"https:\/\/sbrp.de\/index.php?rest_route=\/wp\/v2\/pages\/907","targetHints":{"allow":["GET"]}}],"collection":[{"href":"https:\/\/sbrp.de\/index.php?rest_route=\/wp\/v2\/pages"}],"about":[{"href":"https:\/\/sbrp.de\/index.php?rest_route=\/wp\/v2\/types\/page"}],"author":[{"embeddable":true,"href":"https:\/\/sbrp.de\/index.php?rest_route=\/wp\/v2\/users\/1"}],"replies":[{"embeddable":true,"href":"https:\/\/sbrp.de\/index.php?rest_route=%2Fwp%2Fv2%2Fcomments&post=907"}],"version-history":[{"count":1,"href":"https:\/\/sbrp.de\/index.php?rest_route=\/wp\/v2\/pages\/907\/revisions"}],"predecessor-version":[{"id":909,"href":"https:\/\/sbrp.de\/index.php?rest_route=\/wp\/v2\/pages\/907\/revisions\/909"}],"wp:attachment":[{"href":"https:\/\/sbrp.de\/index.php?rest_route=%2Fwp%2Fv2%2Fmedia&parent=907"}],"curies":[{"name":"wp","href":"https:\/\/api.w.org\/{rel}","templated":true}]}}